{"id":682,"date":"2025-09-28T10:12:59","date_gmt":"2025-09-28T08:12:59","guid":{"rendered":"https:\/\/camina-schmid.com\/?page_id=682"},"modified":"2025-12-09T12:42:40","modified_gmt":"2025-12-09T11:42:40","slug":"simulateur-de-flammes","status":"publish","type":"page","link":"https:\/\/camina-schmid.com\/fr\/simulateur-de-flammes\/","title":{"rendered":"Simulateur de flammes"},"content":{"rendered":"<div class='breakdance'><section class=\"bde-section-682-138 bde-section\">\n              \n  \n  \n\t\n\n  <div class=\"section-background-overlay\"><\/div>\n\n\n<div class=\"section-container\"><div class=\"bde-div-682-139 bde-div\">\n  \n  \n\t\n\n\n\n<h1 class=\"bde-heading-682-102 bde-heading\">\nSimulateur de flammes\n<\/h1><div class=\"bde-div-682-141 bde-div\">\n  \n  \n\t\n\n\n\n<div class=\"bde-text-682-104 bde-text\">\nTestez nos foyers au gaz dans diff\u00e9rents niveaux de flamme et r\u00e9glages \u2014 avec de v\u00e9ritables s\u00e9quences vid\u00e9o.\n<\/div><div class=\"bde-text-682-105 bde-text\">\n\u00cates-vous pr\u00eat pour un peu d\u2019action?\n<\/div><div class=\"bde-button-682-106 bde-button\">\n    \n                        \n                        \n    \n    \n    \n    \n            \n                    \n            \n            \n\n    \n    \n    \n    \n    \n    <a class=\"breakdance-link button-atom button-atom--secondary bde-button__button\" href=\"#flame-simulator-v1\" target=\"_self\" data-type=\"url\"  >\n\n    \n        <span class=\"button-atom__text\">Faites d\u00e9filer vers le bas et essayez-le !<\/span>\n\n        \n        \n                <\/a>\n\n    \n\n\n<\/div>\n<\/div>\n<\/div><\/div>\n<\/section><section class=\"bde-section-682-107 bde-section\">\n  \n  \n\t\n\n\n\n<div class=\"section-container\"><div class=\"bde-div-682-108 bde-div\">\n  \n  \n\t\n\n\n\n<div class=\"bde-rich-text-682-109 bde-rich-text breakdance-rich-text-styles\">\n<p><strong>Vivez le feu dans sa forme la plus pure<\/strong><\/p><p>\u00c9nergie minimale pour l\u2019allumage, allumage crois\u00e9 protecteur, barri\u00e8re \u00e0 double vitrage avec vitre int\u00e9rieure r\u00e9sistante \u00e0 la chaleur et r\u00e9fl\u00e9chissante, et vitre ext\u00e9rieure en verre de s\u00e9curit\u00e9. La double protection de flamme et les soupapes de d\u00e9charge surdimensionn\u00e9es ne sont que quelques-uns des nombreux dispositifs de s\u00e9curit\u00e9 exig\u00e9s pour les foyers au gaz de Camina &amp; Schmid Inc.<\/p>\n<\/div>\n<\/div><\/div>\n<\/section><section class=\"bde-section-682-112 bde-section\">\n  \n  \n\t\n\n\n\n<div class=\"section-container\"><div class=\"bde-code-block-682-113 bde-code-block\">\n\n  <iframe width=\"100%\" border=\"0\" src=\"https:\/\/camina-schmid.com\/wp-content\/themes\/camina-schmid\/simulator\/v2\/?lang=FR\" seamless=\"seamless\" scrolling=\"no\" style=\"overflow: hidden; scrollbar-width: none; outline: none; border: none;\"><\/iframe>\n\n\n<\/div><\/div>\n<\/section><section id=\"flame-simulator-v1\" class=\"bde-section-682-110 bde-section\">\n  \n  \n\t\n\n\n\n<div class=\"section-container\"><div class=\"bde-code-block-682-111 bde-code-block\">\n\n  <iframe width=\"100%\" border=\"0\" src=\"https:\/\/camina-schmid.com\/wp-content\/themes\/camina-schmid\/simulator\/v1\/?lang=FR\" seamless=\"seamless\" scrolling=\"no\" style=\"overflow: hidden; scrollbar-width: none; outline: none; border: none;\"><\/iframe>\n\n\n<\/div><\/div>\n<\/section><section class=\"bde-section-682-114 bde-section\">\n  \n  \n\t\n\n\n\n<div class=\"section-container\"><div class=\"bde-columns-682-115 bde-columns\"><div class=\"bde-column-682-116 bde-column\">\n  \n  \n\t\n\n\n\n<h3 class=\"bde-heading-682-117 bde-heading bde-preset-5d06a5cb-f420-4e2a-966d-4dd97d6d8e27\">\n<b>En toute s\u00e9curit\u00e9<\/b><br>Simple pour vous\n<\/h3><div class=\"bde-rich-text-682-118 bde-rich-text breakdance-rich-text-styles\">\n<p><strong>Fonction du deuxi\u00e8me br\u00fbleur<\/strong><\/p><p>La fonction du deuxi\u00e8me br\u00fbleur vous offre un contr\u00f4le encore plus pr\u00e9cis sur votre feu. La plage de r\u00e9glage en puissance calorifique et en absorption d\u2019\u00e9nergie est presque doubl\u00e9e. Combin\u00e9e au mode ECO, elle vous permet d\u2019adapter parfaitement l\u2019intensit\u00e9 du feu et sa dynamique visuelle \u00e0 vos besoins.<\/p><p>Pour prot\u00e9ger les petites mains curieuses, l\u2019application propose m\u00eame une option de verrouillage pour enfants. La s\u00e9curit\u00e9 est une priorit\u00e9 absolue dans tout ce que fait Camina &amp; Schmid.<\/p><p><em>La s\u00e9curit\u00e9, pour ceux qui nous sont les plus chers.<\/em><\/p>\n<\/div>\n<\/div><div class=\"bde-column-682-119 bde-column\">\n  \n  \n\t\n\n\n\n<img decoding=\"async\" class=\"bde-image2-682-120 bde-image2\" src=\"https:\/\/camina-schmid.com\/wp-content\/uploads\/2025\/11\/cs-baby-feet-web-scaled.jpg\" loading=\"lazy\" srcset=\"https:\/\/camina-schmid.com\/wp-content\/uploads\/2025\/11\/cs-baby-feet-web-scaled.jpg 2560w, https:\/\/camina-schmid.com\/wp-content\/uploads\/2025\/11\/cs-baby-feet-web-500x333.jpg 500w, https:\/\/camina-schmid.com\/wp-content\/uploads\/2025\/11\/cs-baby-feet-web-1280x853.jpg 1280w, https:\/\/camina-schmid.com\/wp-content\/uploads\/2025\/11\/cs-baby-feet-web-768x512.jpg 768w, https:\/\/camina-schmid.com\/wp-content\/uploads\/2025\/11\/cs-baby-feet-web-1536x1024.jpg 1536w, https:\/\/camina-schmid.com\/wp-content\/uploads\/2025\/11\/cs-baby-feet-web-2048x1365.jpg 2048w, https:\/\/camina-schmid.com\/wp-content\/uploads\/2025\/11\/cs-baby-feet-web-113x75.jpg 113w\" sizes=\"(max-width: 2560px) 100vw, 2560px\">\n<\/div><\/div><\/div>\n<\/section><section class=\"bde-section-682-121 bde-section\">\n  \n  \n\t\n\n\n\n<div class=\"section-container\"><h2 class=\"bde-heading-682-122 bde-heading bde-preset-5305eaa7-3d1b-4247-ba51-dc834af5a21a\">\nLe feu rassemble\n<\/h2><div class=\"bde-columns-682-123 bde-columns\"><div class=\"bde-column-682-124 bde-column\">\n  \n  \n\t\n\n\n\n<h3 class=\"bde-heading-682-125 bde-heading\">\n<b>T\u00e9l\u00e9commande<\/b><br>Feu sur demande\n<\/h3><div class=\"bde-rich-text-682-126 bde-rich-text breakdance-rich-text-styles\">\n<p>La t\u00e9l\u00e9commande intelligente est con\u00e7ue pour une utilisation simple et intuitive de tous les foyers au gaz Camina &amp; Schmid. Il suffit d\u2019allumer l\u2019appareil et de choisir entre une flamme uniforme ou le mode ECO \u2014 o\u00f9 l\u2019affichage de la flamme varie de fa\u00e7on dynamique, cr\u00e9ant une flamme magnifique et r\u00e9aliste qui consomme moins d\u2019\u00e9nergie et produit moins de chaleur.<\/p>\n<\/div>\n<\/div><div class=\"bde-column-682-127 bde-column\">\n  \n  \n\t\n\n\n\n<img decoding=\"async\" class=\"bde-image2-682-128 bde-image2\" src=\"https:\/\/camina-schmid.com\/wp-content\/uploads\/2025\/11\/cs-fernbedienung-web-7x5-1.jpg\" loading=\"lazy\" srcset=\"https:\/\/camina-schmid.com\/wp-content\/uploads\/2025\/11\/cs-fernbedienung-web-7x5-1.jpg 1854w, https:\/\/camina-schmid.com\/wp-content\/uploads\/2025\/11\/cs-fernbedienung-web-7x5-1-500x357.jpg 500w, https:\/\/camina-schmid.com\/wp-content\/uploads\/2025\/11\/cs-fernbedienung-web-7x5-1-1280x914.jpg 1280w, https:\/\/camina-schmid.com\/wp-content\/uploads\/2025\/11\/cs-fernbedienung-web-7x5-1-768x548.jpg 768w, https:\/\/camina-schmid.com\/wp-content\/uploads\/2025\/11\/cs-fernbedienung-web-7x5-1-1536x1097.jpg 1536w, https:\/\/camina-schmid.com\/wp-content\/uploads\/2025\/11\/cs-fernbedienung-web-7x5-1-105x75.jpg 105w\" sizes=\"(max-width: 1854px) 100vw, 1854px\">\n<\/div><\/div><div class=\"bde-columns-682-129 bde-columns\"><div class=\"bde-column-682-130 bde-column\">\n  \n  \n\t\n\n\n\n<img decoding=\"async\" class=\"bde-image2-682-131 bde-image2\" src=\"https:\/\/camina-schmid.com\/wp-content\/uploads\/2025\/11\/cs-unsplash-iphone-web-5x7-1.jpg\" loading=\"lazy\" srcset=\"https:\/\/camina-schmid.com\/wp-content\/uploads\/2025\/11\/cs-unsplash-iphone-web-5x7-1.jpg 2000w, https:\/\/camina-schmid.com\/wp-content\/uploads\/2025\/11\/cs-unsplash-iphone-web-5x7-1-500x357.jpg 500w, https:\/\/camina-schmid.com\/wp-content\/uploads\/2025\/11\/cs-unsplash-iphone-web-5x7-1-1280x915.jpg 1280w, https:\/\/camina-schmid.com\/wp-content\/uploads\/2025\/11\/cs-unsplash-iphone-web-5x7-1-768x549.jpg 768w, https:\/\/camina-schmid.com\/wp-content\/uploads\/2025\/11\/cs-unsplash-iphone-web-5x7-1-1536x1097.jpg 1536w, https:\/\/camina-schmid.com\/wp-content\/uploads\/2025\/11\/cs-unsplash-iphone-web-5x7-1-105x75.jpg 105w\" sizes=\"(max-width: 2000px) 100vw, 2000px\">\n<\/div><div class=\"bde-column-682-132 bde-column\">\n  \n  \n\t\n\n\n\n<h3 class=\"bde-heading-682-133 bde-heading\">\n<b>Fire connects App<br><\/b>Conviviale et intuitive\n<\/h3><div class=\"bde-rich-text-682-134 bde-rich-text breakdance-rich-text-styles\">\n<p>Contr\u00f4lez votre foyer au gaz Camina &amp; Schmid depuis votre t\u00e9l\u00e9phone intelligent ou votre tablette gr\u00e2ce \u00e0 l\u2019application <em data-start=\"264\" data-end=\"279\">Fire Connects<\/em> \u2014 et d\u00e9tendez-vous. L\u2019application offre des r\u00e9glages standards, comme l\u2019allumage et l\u2019extinction du foyer, ainsi que des options avanc\u00e9es telles que l\u2019ajustement individualis\u00e9 de la flamme. Vous ma\u00eetrisez non seulement la s\u00e9curit\u00e9 et le confort, mais gr\u00e2ce aux r\u00e9glages du mode ECO, vous pouvez programmer votre propre affichage dynamique de la flamme.<\/p><p><strong>Contr\u00f4le total<\/strong><br \/>L\u2019application WiFi color\u00e9e vous offre un contr\u00f4le complet de votre foyer. En plus de la programmation manuelle directe, vous pouvez choisir un programme thermostatique ou un mode ECO enti\u00e8rement programmable pour un affichage de flamme dynamique, personnalis\u00e9 et efficace.<\/p>\n<\/div>\n<\/div><\/div><\/div>\n<\/section><section class=\"bde-section-682-135 bde-section\">\n  \n  \n\t\n\n\n\n<div class=\"section-container\"><h2 class=\"bde-heading-682-136 bde-heading\">\nChoose your favorite model\n<\/h2><div class=\"bde-globalblock-682-137 bde-globalblock\"><div class='breakdance'><div class=\"bde-post-loop-150-100-150-1 bde-post-loop bde-post-loop-150-100\"><div class=\"bde-loop bde-loop-grid ee-posts ee-posts-grid\">    <div class=\"bde-loop-item ee-post\">\n        <div class='breakdance'><style>.breakdance .bde-container-link-132-100-667-132-1{background-color:var(--bde-palette-color-1-d2bad7e7-5a00-4e29-bb20-975b5fdedc3b);background-image:url(https:\/\/camina-schmid.com\/wp-content\/uploads\/2025\/11\/cs-linag-30-24-7x5-2-500x357.jpg)}.breakdance .bde-container-link-132-100-667-132-1>*{z-index:1}.breakdance .bde-container-link-132-100-667-132-1>.section-background-overlay{z-index:0}.breakdance .bde-container-link-132-100-667-132-1>.section-background-overlay{background-color:#000;transition:background-color var(--bde-transition-duration) ease-in-out}.breakdance .bde-container-link-132-100-667-132-1{overflow:hidden}.breakdance .bde-container-link-132-100-667-132-1>.section-background-overlay{opacity:0.35}<\/style><a class=\"bde-container-link-132-100-667-132-1 bde-container-link bde-container-link-132-100 breakdance-link\" href=\"https:\/\/camina-schmid.com\/fr\/fireplace\/lina-g-30-24\/\" target=\"_self\" data-type=\"url\" data-bde-lazy-bg=\"waiting\">\n              \n  \n        \n    \n\t\n\n  <div class=\"section-background-overlay\"><\/div>\n\n\n<div class=\"bde-code-block-132-105-667-132-1 bde-code-block bde-code-block-132-105\">\n\n  Foyer au gaz\n\n\n<\/div><div class=\"bde-text-132-102-667-132-1 bde-text bde-text-132-102\">\nLina G 30-24\n<\/div>\n\n<\/a><\/div>    <\/div>\n    <div class=\"bde-loop-item ee-post\">\n        <div class='breakdance'><style>.breakdance .bde-container-link-132-100-666-132-1{background-color:var(--bde-palette-color-1-d2bad7e7-5a00-4e29-bb20-975b5fdedc3b);background-image:url(https:\/\/camina-schmid.com\/wp-content\/uploads\/2025\/11\/cs-linag-36-28-web-7x5-2-500x358.jpg)}.breakdance .bde-container-link-132-100-666-132-1>*{z-index:1}.breakdance .bde-container-link-132-100-666-132-1>.section-background-overlay{z-index:0}.breakdance .bde-container-link-132-100-666-132-1>.section-background-overlay{background-color:#000;transition:background-color var(--bde-transition-duration) ease-in-out}.breakdance .bde-container-link-132-100-666-132-1{overflow:hidden}.breakdance .bde-container-link-132-100-666-132-1>.section-background-overlay{opacity:0.35}<\/style><a class=\"bde-container-link-132-100-666-132-1 bde-container-link bde-container-link-132-100 breakdance-link\" href=\"https:\/\/camina-schmid.com\/fr\/fireplace\/lina-g-36-28\/\" target=\"_self\" data-type=\"url\" data-bde-lazy-bg=\"waiting\">\n              \n  \n        \n    \n\t\n\n  <div class=\"section-background-overlay\"><\/div>\n\n\n<div class=\"bde-code-block-132-105-666-132-1 bde-code-block bde-code-block-132-105\">\n\n  Foyer au gaz\n\n\n<\/div><div class=\"bde-text-132-102-666-132-1 bde-text bde-text-132-102\">\nLina G 36-28\n<\/div>\n\n<\/a><\/div>    <\/div>\n    <div class=\"bde-loop-item ee-post\">\n        <div class='breakdance'><style>.breakdance .bde-container-link-132-100-665-132-1{background-color:var(--bde-palette-color-1-d2bad7e7-5a00-4e29-bb20-975b5fdedc3b);background-image:url(https:\/\/camina-schmid.com\/wp-content\/uploads\/2025\/11\/cs-linag-42-34-5-7-web-1-500x357.jpg)}.breakdance .bde-container-link-132-100-665-132-1>*{z-index:1}.breakdance .bde-container-link-132-100-665-132-1>.section-background-overlay{z-index:0}.breakdance .bde-container-link-132-100-665-132-1>.section-background-overlay{background-color:#000;transition:background-color var(--bde-transition-duration) ease-in-out}.breakdance .bde-container-link-132-100-665-132-1{overflow:hidden}.breakdance .bde-container-link-132-100-665-132-1>.section-background-overlay{opacity:0.35}<\/style><a class=\"bde-container-link-132-100-665-132-1 bde-container-link bde-container-link-132-100 breakdance-link\" href=\"https:\/\/camina-schmid.com\/fr\/fireplace\/lina-g-42-34\/\" target=\"_self\" data-type=\"url\" data-bde-lazy-bg=\"waiting\">\n              \n  \n        \n    \n\t\n\n  <div class=\"section-background-overlay\"><\/div>\n\n\n<div class=\"bde-code-block-132-105-665-132-1 bde-code-block bde-code-block-132-105\">\n\n  Foyer au gaz\n\n\n<\/div><div class=\"bde-text-132-102-665-132-1 bde-text bde-text-132-102\">\nLina G 42-34\n<\/div>\n\n<\/a><\/div>    <\/div>\n    <div class=\"bde-loop-item ee-post\">\n        <div class='breakdance'><style>.breakdance .bde-container-link-132-100-664-132-1{background-color:var(--bde-palette-color-1-d2bad7e7-5a00-4e29-bb20-975b5fdedc3b);background-image:url(https:\/\/camina-schmid.com\/wp-content\/uploads\/2025\/11\/cs-linag-60-19-livingroom-web-7x5-2-500x357.jpg)}.breakdance .bde-container-link-132-100-664-132-1>*{z-index:1}.breakdance .bde-container-link-132-100-664-132-1>.section-background-overlay{z-index:0}.breakdance .bde-container-link-132-100-664-132-1>.section-background-overlay{background-color:#000;transition:background-color var(--bde-transition-duration) ease-in-out}.breakdance .bde-container-link-132-100-664-132-1{overflow:hidden}.breakdance .bde-container-link-132-100-664-132-1>.section-background-overlay{opacity:0.35}<\/style><a class=\"bde-container-link-132-100-664-132-1 bde-container-link bde-container-link-132-100 breakdance-link\" href=\"https:\/\/camina-schmid.com\/fr\/fireplace\/lina-g-60-19\/\" target=\"_self\" data-type=\"url\" data-bde-lazy-bg=\"waiting\">\n              \n  \n        \n    \n\t\n\n  <div class=\"section-background-overlay\"><\/div>\n\n\n<div class=\"bde-code-block-132-105-664-132-1 bde-code-block bde-code-block-132-105\">\n\n  Foyer au gaz\n\n\n<\/div><div class=\"bde-text-132-102-664-132-1 bde-text bde-text-132-102\">\nLina G 60-19\n<\/div>\n\n<\/a><\/div>    <\/div>\n    <div class=\"bde-loop-item ee-post\">\n        <div class='breakdance'><style>.breakdance .bde-container-link-132-100-663-132-1{background-color:var(--bde-palette-color-1-d2bad7e7-5a00-4e29-bb20-975b5fdedc3b);background-image:url(https:\/\/camina-schmid.com\/wp-content\/uploads\/2025\/11\/cs-ekkog-l-6014-19-web-7x5-2-500x357.jpg)}.breakdance .bde-container-link-132-100-663-132-1>*{z-index:1}.breakdance .bde-container-link-132-100-663-132-1>.section-background-overlay{z-index:0}.breakdance .bde-container-link-132-100-663-132-1>.section-background-overlay{background-color:#000;transition:background-color var(--bde-transition-duration) ease-in-out}.breakdance .bde-container-link-132-100-663-132-1{overflow:hidden}.breakdance .bde-container-link-132-100-663-132-1>.section-background-overlay{opacity:0.35}<\/style><a class=\"bde-container-link-132-100-663-132-1 bde-container-link bde-container-link-132-100 breakdance-link\" href=\"https:\/\/camina-schmid.com\/fr\/fireplace\/ekko-g-l-6014-19\/\" target=\"_self\" data-type=\"url\" data-bde-lazy-bg=\"waiting\">\n              \n  \n        \n    \n\t\n\n  <div class=\"section-background-overlay\"><\/div>\n\n\n<div class=\"bde-code-block-132-105-663-132-1 bde-code-block bde-code-block-132-105\">\n\n  Foyer au gaz\n\n\n<\/div><div class=\"bde-text-132-102-663-132-1 bde-text bde-text-132-102\">\nEkko G L 6014-19\n<\/div>\n\n<\/a><\/div>    <\/div>\n    <div class=\"bde-loop-item ee-post\">\n        <div class='breakdance'><style>.breakdance .bde-container-link-132-100-642-132-1{background-color:var(--bde-palette-color-1-d2bad7e7-5a00-4e29-bb20-975b5fdedc3b);background-image:url(https:\/\/camina-schmid.com\/wp-content\/uploads\/2025\/11\/cs-ekkog-r-6014-19-studio-web-7x5-2-500x357.jpg)}.breakdance .bde-container-link-132-100-642-132-1>*{z-index:1}.breakdance .bde-container-link-132-100-642-132-1>.section-background-overlay{z-index:0}.breakdance .bde-container-link-132-100-642-132-1>.section-background-overlay{background-color:#000;transition:background-color var(--bde-transition-duration) ease-in-out}.breakdance .bde-container-link-132-100-642-132-1{overflow:hidden}.breakdance .bde-container-link-132-100-642-132-1>.section-background-overlay{opacity:0.35}<\/style><a class=\"bde-container-link-132-100-642-132-1 bde-container-link bde-container-link-132-100 breakdance-link\" href=\"https:\/\/camina-schmid.com\/fr\/fireplace\/ekko-g-r-6014-19\/\" target=\"_self\" data-type=\"url\" data-bde-lazy-bg=\"waiting\">\n              \n  \n        \n    \n\t\n\n  <div class=\"section-background-overlay\"><\/div>\n\n\n<div class=\"bde-code-block-132-105-642-132-1 bde-code-block bde-code-block-132-105\">\n\n  Foyer au gaz\n\n\n<\/div><div class=\"bde-text-132-102-642-132-1 bde-text bde-text-132-102\">\nEkko G R 6014-19\n<\/div>\n\n<\/a><\/div>    <\/div>\n    <div class=\"bde-loop-item ee-post\">\n        <div class='breakdance'><style>.breakdance .bde-container-link-132-100-641-132-1{background-color:var(--bde-palette-color-1-d2bad7e7-5a00-4e29-bb20-975b5fdedc3b);background-image:url(https:\/\/camina-schmid.com\/wp-content\/uploads\/2025\/11\/cs-ekkog-u-6014-19-quer-web-500x354.jpg)}.breakdance .bde-container-link-132-100-641-132-1>*{z-index:1}.breakdance .bde-container-link-132-100-641-132-1>.section-background-overlay{z-index:0}.breakdance .bde-container-link-132-100-641-132-1>.section-background-overlay{background-color:#000;transition:background-color var(--bde-transition-duration) ease-in-out}.breakdance .bde-container-link-132-100-641-132-1{overflow:hidden}.breakdance .bde-container-link-132-100-641-132-1>.section-background-overlay{opacity:0.35}<\/style><a class=\"bde-container-link-132-100-641-132-1 bde-container-link bde-container-link-132-100 breakdance-link\" href=\"https:\/\/camina-schmid.com\/fr\/fireplace\/ekko-g-u-6014-19-2\/\" target=\"_self\" data-type=\"url\" data-bde-lazy-bg=\"waiting\">\n              \n  \n        \n    \n\t\n\n  <div class=\"section-background-overlay\"><\/div>\n\n\n<div class=\"bde-code-block-132-105-641-132-1 bde-code-block bde-code-block-132-105\">\n\n  Foyer au gaz\n\n\n<\/div><div class=\"bde-text-132-102-641-132-1 bde-text bde-text-132-102\">\nEkko G U 6014-19\n<\/div>\n\n<\/a><\/div>    <\/div>\n<\/div>\r\n<\/div><\/div><\/div><\/div>\n<\/section><section class=\"bde-section-682-145 bde-section\">\n  \n  \n\t\n\n\n\n<div class=\"section-container\"><h1 class=\"bde-heading-682-146 bde-heading\">\nEn savoir plus\n<\/h1><div class=\"bde-grid-682-147 bde-grid\">\n  \n  \n\t\n\n\n\n<a class=\"bde-container-link-682-148 bde-container-link breakdance-link\" href=\"https:\/\/camina-schmid.com\/fr\/fabrique-en-allemagne\/\" target=\"_self\" data-type=\"url\" data-bde-lazy-bg=\"waiting\">\n              \n  \n        \n    \n\t\n\n  <div class=\"section-background-overlay\"><\/div>\n\n\n<div class=\"bde-text-682-149 bde-text\">\nFabriqu\u00e9 en Allemagne\n<\/div>\n\n<\/a><a class=\"bde-container-link-682-150 bde-container-link breakdance-link\" href=\"https:\/\/camina-schmid.com\/fr\/produits\/\" target=\"_self\" data-type=\"url\" data-bde-lazy-bg=\"waiting\">\n              \n  \n        \n    \n\t\n\n  <div class=\"section-background-overlay\"><\/div>\n\n\n<div class=\"bde-text-682-151 bde-text\">\nNos foyers au gaz\n<\/div>\n\n<\/a>\n<\/div><\/div>\n<\/section><\/div>","protected":false},"excerpt":{"rendered":"<p>Simulateur de flammes Testez nos foyers au gaz dans diff\u00e9rents niveaux de flamme et r\u00e9glages \u2014 avec de v\u00e9ritables s\u00e9quences vid\u00e9o. \u00cates-vous pr\u00eat pour un peu d\u2019action? Faites d\u00e9filer vers le bas et essayez-le ! Vivez le feu dans sa forme la plus pure\u00c9nergie minimale pour l\u2019allumage, allumage crois\u00e9 protecteur, barri\u00e8re \u00e0 double vitrage avec [&hellip;]<\/p>\n","protected":false},"author":2,"featured_media":0,"parent":0,"menu_order":0,"comment_status":"closed","ping_status":"closed","template":"","meta":{"_acf_changed":false,"_breakdance_hide_in_design_set":false,"_breakdance_tags":"","footnotes":""},"class_list":["post-682","page","type-page","status-publish","hentry"],"acf":[],"_links":{"self":[{"href":"https:\/\/camina-schmid.com\/fr\/wp-json\/wp\/v2\/pages\/682","targetHints":{"allow":["GET"]}}],"collection":[{"href":"https:\/\/camina-schmid.com\/fr\/wp-json\/wp\/v2\/pages"}],"about":[{"href":"https:\/\/camina-schmid.com\/fr\/wp-json\/wp\/v2\/types\/page"}],"author":[{"embeddable":true,"href":"https:\/\/camina-schmid.com\/fr\/wp-json\/wp\/v2\/users\/2"}],"replies":[{"embeddable":true,"href":"https:\/\/camina-schmid.com\/fr\/wp-json\/wp\/v2\/comments?post=682"}],"version-history":[{"count":4,"href":"https:\/\/camina-schmid.com\/fr\/wp-json\/wp\/v2\/pages\/682\/revisions"}],"predecessor-version":[{"id":837,"href":"https:\/\/camina-schmid.com\/fr\/wp-json\/wp\/v2\/pages\/682\/revisions\/837"}],"wp:attachment":[{"href":"https:\/\/camina-schmid.com\/fr\/wp-json\/wp\/v2\/media?parent=682"}],"curies":[{"name":"wp","href":"https:\/\/api.w.org\/{rel}","templated":true}]}}