{"id":637,"date":"2025-09-28T10:13:27","date_gmt":"2025-09-28T08:13:27","guid":{"rendered":"https:\/\/camina-schmid.com\/?page_id=637"},"modified":"2025-12-09T12:46:09","modified_gmt":"2025-12-09T11:46:09","slug":"fabrique-en-allemagne","status":"publish","type":"page","link":"https:\/\/camina-schmid.com\/fr\/fabrique-en-allemagne\/","title":{"rendered":"Fabriqu\u00e9 en Allemagne"},"content":{"rendered":"<div class='breakdance'><section class=\"bde-section-637-100 bde-section\">\n              \n  \n  \n\t\n\n  <div class=\"section-background-overlay\"><\/div>\n\n\n<div class=\"section-container\"><div class=\"bde-div-637-101 bde-div\">\n  \n  \n\t\n\n\n\n<h1 class=\"bde-heading-637-102 bde-heading\">\nFabriqu\u00e9 en Allemagne\n<\/h1><div class=\"bde-div-637-103 bde-div\">\n  \n  \n\t\n\n\n\n<div class=\"bde-text-637-104 bde-text\">\nRed\u00e9couvrez les foyers au gaz\n<\/div><div class=\"bde-text-637-105 bde-text\">\nBissendorf, Basse-Saxe\n<\/div>\n<\/div>\n<\/div><\/div>\n<\/section><section class=\"bde-section-637-106 bde-section\">\n  \n  \n\t\n\n\n\n<div class=\"section-container\"><div class=\"bde-columns-637-107 bde-columns\"><div class=\"bde-column-637-108 bde-column\">\n  \n  \n\t\n\n\n\n<h2 class=\"bde-heading-637-109 bde-heading\">\n<b>Fabriqu\u00e9 en Allemagne<\/b>\n<\/h2><h3 class=\"bde-heading-637-110 bde-heading bde-preset-5d06a5cb-f420-4e2a-966d-4dd97d6d8e27\">\n\u2013 con\u00e7u pour vous\n<\/h3><div class=\"bde-rich-text-637-111 bde-rich-text breakdance-rich-text-styles\">\n<p>Concevoir, d\u00e9velopper et produire chez nous, en Allemagne, est une d\u00e9cision m\u00fbrement r\u00e9fl\u00e9chie que nous avons prise il y a plus de vingt ans. Depuis 2001, la fabrication de technologies de combustion selon les plus hauts standards de qualit\u00e9 va de pair avec une position de leader de l\u2019industrie en mati\u00e8re de normes sociales, de s\u00e9curit\u00e9 et d\u2019environnement \u2014 des standards auxquels nos clients se sont habitu\u00e9s et qu\u2019ils attendent de nous.<\/p>\n<\/div>\n<\/div><div class=\"bde-column-637-112 bde-column\">\n  \n  \n\t\n\n\n\n<img decoding=\"async\" class=\"bde-image2-637-113 bde-image2\" src=\"https:\/\/camina-schmid.com\/wp-content\/uploads\/2025\/11\/cs-hand-technik-web-1-scaled.jpg\" loading=\"lazy\" srcset=\"https:\/\/camina-schmid.com\/wp-content\/uploads\/2025\/11\/cs-hand-technik-web-1-scaled.jpg 2560w, https:\/\/camina-schmid.com\/wp-content\/uploads\/2025\/11\/cs-hand-technik-web-1-500x357.jpg 500w, https:\/\/camina-schmid.com\/wp-content\/uploads\/2025\/11\/cs-hand-technik-web-1-1280x914.jpg 1280w, https:\/\/camina-schmid.com\/wp-content\/uploads\/2025\/11\/cs-hand-technik-web-1-768x549.jpg 768w, https:\/\/camina-schmid.com\/wp-content\/uploads\/2025\/11\/cs-hand-technik-web-1-1536x1097.jpg 1536w, https:\/\/camina-schmid.com\/wp-content\/uploads\/2025\/11\/cs-hand-technik-web-1-2048x1463.jpg 2048w, https:\/\/camina-schmid.com\/wp-content\/uploads\/2025\/11\/cs-hand-technik-web-1-105x75.jpg 105w\" sizes=\"(max-width: 2560px) 100vw, 2560px\">\n<\/div><\/div><\/div>\n<\/section><section class=\"bde-section-637-114 bde-section\">\n  \n  \n\t\n\n\n\n<div class=\"section-container\"><h1 class=\"bde-heading-637-115 bde-heading\">\nMat\u00e9riaux d\u2019exception\n<\/h1><div class=\"bde-columns-637-116 bde-columns\"><div class=\"bde-column-637-117 bde-column\">\n  \n  \n\t\n\n\n\n<img decoding=\"async\" class=\"bde-image2-637-118 bde-image2\" src=\"https:\/\/camina-schmid.com\/wp-content\/uploads\/2025\/11\/cs-keramik-anmalen-web.jpg\" loading=\"lazy\" srcset=\"https:\/\/camina-schmid.com\/wp-content\/uploads\/2025\/11\/cs-keramik-anmalen-web.jpg 2473w, https:\/\/camina-schmid.com\/wp-content\/uploads\/2025\/11\/cs-keramik-anmalen-web-500x333.jpg 500w, https:\/\/camina-schmid.com\/wp-content\/uploads\/2025\/11\/cs-keramik-anmalen-web-1280x854.jpg 1280w, https:\/\/camina-schmid.com\/wp-content\/uploads\/2025\/11\/cs-keramik-anmalen-web-768x512.jpg 768w, https:\/\/camina-schmid.com\/wp-content\/uploads\/2025\/11\/cs-keramik-anmalen-web-1536x1024.jpg 1536w, https:\/\/camina-schmid.com\/wp-content\/uploads\/2025\/11\/cs-keramik-anmalen-web-2048x1366.jpg 2048w, https:\/\/camina-schmid.com\/wp-content\/uploads\/2025\/11\/cs-keramik-anmalen-web-112x75.jpg 112w\" sizes=\"(max-width: 2473px) 100vw, 2473px\">\n<\/div><div class=\"bde-column-637-119 bde-column\">\n  \n  \n\t\n\n\n\n<div class=\"bde-rich-text-637-120 bde-rich-text breakdance-rich-text-styles\">\n<h2>Fabriqu\u00e9 selon la tradition artisanale<\/h2><p>Notre gamme vari\u00e9e de produits est con\u00e7ue et fabriqu\u00e9e en Allemagne, \u00e0 partir de mat\u00e9riaux soigneusement s\u00e9lectionn\u00e9s de la plus haute qualit\u00e9. La recherche, le prototypage et le d\u00e9veloppement sont guid\u00e9s par les besoins de nos clients, et l\u2019attention port\u00e9e aux moindres d\u00e9tails se refl\u00e8te dans chacun de nos appareils. Toujours tourn\u00e9s vers l\u2019avenir, nous innovons en misant sur la fiabilit\u00e9 et la long\u00e9vit\u00e9.<\/p><p><em>Notre gamme boutique de foyers au gaz se distingue par un niveau \u00e9lev\u00e9 de d\u00e9tails et une construction innovante. De la for\u00eat jusqu\u2019au foyer, nos b\u00fbches en c\u00e9ramique, fa\u00e7onn\u00e9es par la nature, encadrent une flamme parfaite. Les fibres Fecralloy\u00ae int\u00e9gr\u00e9es dans les b\u00fbches assurent un m\u00e9lange air\/gaz optimal et une r\u00e9partition id\u00e9ale de la flamme pour une combustion s\u00fbre.<\/em><\/p>\n<\/div>\n<\/div><\/div><div class=\"bde-columns-637-121 bde-columns\"><div class=\"bde-column-637-122 bde-column\">\n  \n  \n\t\n\n\n\n<img decoding=\"async\" class=\"bde-image2-637-123 bde-image2\" src=\"https:\/\/camina-schmid.com\/wp-content\/uploads\/2025\/11\/cs-keramik-stapeln-glutfaeden-an-web.jpg\" loading=\"lazy\" srcset=\"https:\/\/camina-schmid.com\/wp-content\/uploads\/2025\/11\/cs-keramik-stapeln-glutfaeden-an-web.jpg 2000w, https:\/\/camina-schmid.com\/wp-content\/uploads\/2025\/11\/cs-keramik-stapeln-glutfaeden-an-web-500x333.jpg 500w, https:\/\/camina-schmid.com\/wp-content\/uploads\/2025\/11\/cs-keramik-stapeln-glutfaeden-an-web-1280x853.jpg 1280w, https:\/\/camina-schmid.com\/wp-content\/uploads\/2025\/11\/cs-keramik-stapeln-glutfaeden-an-web-768x512.jpg 768w, https:\/\/camina-schmid.com\/wp-content\/uploads\/2025\/11\/cs-keramik-stapeln-glutfaeden-an-web-1536x1024.jpg 1536w, https:\/\/camina-schmid.com\/wp-content\/uploads\/2025\/11\/cs-keramik-stapeln-glutfaeden-an-web-113x75.jpg 113w\" sizes=\"(max-width: 2000px) 100vw, 2000px\">\n<\/div><div class=\"bde-column-637-124 bde-column\">\n  \n  \n\t\n\n\n\n<img decoding=\"async\" class=\"bde-image2-637-125 bde-image2\" src=\"https:\/\/camina-schmid.com\/wp-content\/uploads\/2025\/11\/cs-holzscheite-made-in-germany-web.jpg\" loading=\"lazy\" srcset=\"https:\/\/camina-schmid.com\/wp-content\/uploads\/2025\/11\/cs-holzscheite-made-in-germany-web.jpg 2000w, https:\/\/camina-schmid.com\/wp-content\/uploads\/2025\/11\/cs-holzscheite-made-in-germany-web-500x333.jpg 500w, https:\/\/camina-schmid.com\/wp-content\/uploads\/2025\/11\/cs-holzscheite-made-in-germany-web-1280x853.jpg 1280w, https:\/\/camina-schmid.com\/wp-content\/uploads\/2025\/11\/cs-holzscheite-made-in-germany-web-768x512.jpg 768w, https:\/\/camina-schmid.com\/wp-content\/uploads\/2025\/11\/cs-holzscheite-made-in-germany-web-1536x1024.jpg 1536w, https:\/\/camina-schmid.com\/wp-content\/uploads\/2025\/11\/cs-holzscheite-made-in-germany-web-113x75.jpg 113w\" sizes=\"(max-width: 2000px) 100vw, 2000px\">\n<\/div><\/div><\/div>\n<\/section><section class=\"bde-section-637-126 bde-section\">\n              \n  \n  \n\t\n\n  <div class=\"section-background-overlay\"><\/div>\n\n\n<div class=\"section-container\"><h2 class=\"bde-heading-637-127 bde-heading\">\nRed\u00e9couvrez les foyers au gaz\n<\/h2><div class=\"bde-rich-text-637-128 bde-rich-text breakdance-rich-text-styles\">\n<p>Une image de flamme fascinante, n\u00e9e du g\u00e9nie allemand<\/p>\n<\/div><\/div>\n<\/section><section class=\"bde-section-637-129 bde-section\">\n  \n  \n\t\n\n\n\n<div class=\"section-container\"><h2 class=\"bde-heading-637-130 bde-heading\">\nCon\u00e7u pour r\u00e9pondre aux normes les plus \u00e9lev\u00e9es\n<\/h2><div class=\"bde-grid-637-131 bde-grid\">\n  \n  \n\t\n\n\n\n<div class=\"bde-div-637-132 bde-div\">\n  \n  \n\t\n\n\n\n<img decoding=\"async\" class=\"bde-image2-637-133 bde-image2\" src=\"https:\/\/camina-schmid.com\/wp-content\/uploads\/2025\/11\/cs-doppelgals-web-1x1-1-1280x1280.jpg\" loading=\"lazy\" srcset=\"https:\/\/camina-schmid.com\/wp-content\/uploads\/2025\/11\/cs-doppelgals-web-1x1-1.jpg 1500w, https:\/\/camina-schmid.com\/wp-content\/uploads\/2025\/11\/cs-doppelgals-web-1x1-1-500x500.jpg 500w, https:\/\/camina-schmid.com\/wp-content\/uploads\/2025\/11\/cs-doppelgals-web-1x1-1-1280x1280.jpg 1280w, https:\/\/camina-schmid.com\/wp-content\/uploads\/2025\/11\/cs-doppelgals-web-1x1-1-250x250.jpg 250w, https:\/\/camina-schmid.com\/wp-content\/uploads\/2025\/11\/cs-doppelgals-web-1x1-1-768x768.jpg 768w, https:\/\/camina-schmid.com\/wp-content\/uploads\/2025\/11\/cs-doppelgals-web-1x1-1-75x75.jpg 75w\" sizes=\"(max-width: 1500px) 100vw, 1500px\"><h3 class=\"bde-heading-637-134 bde-heading\">\nFoyers au gaz intemporels\n<\/h3><div class=\"bde-text-637-135 bde-text\">\nFabriqu\u00e9s dans le nord de l\u2019Allemagne, leur grande vitre double sans cadre et la flamme s\u2019\u00e9levant directement des b\u00fbches cr\u00e9ent une ambiance parfaite dans n\u2019importe quelle pi\u00e8ce.\n<\/div>\n<\/div><div class=\"bde-div-637-136 bde-div\">\n  \n  \n\t\n\n\n\n<img decoding=\"async\" class=\"bde-image2-637-137 bde-image2\" src=\"https:\/\/camina-schmid.com\/wp-content\/uploads\/2025\/11\/cs-mitarbeiter-gaskamine-web-1x1-1-1280x1280.jpg\" alt=\"\" loading=\"lazy\" srcset=\"https:\/\/camina-schmid.com\/wp-content\/uploads\/2025\/11\/cs-mitarbeiter-gaskamine-web-1x1-1.jpg 1468w, https:\/\/camina-schmid.com\/wp-content\/uploads\/2025\/11\/cs-mitarbeiter-gaskamine-web-1x1-1-500x500.jpg 500w, https:\/\/camina-schmid.com\/wp-content\/uploads\/2025\/11\/cs-mitarbeiter-gaskamine-web-1x1-1-1280x1280.jpg 1280w, https:\/\/camina-schmid.com\/wp-content\/uploads\/2025\/11\/cs-mitarbeiter-gaskamine-web-1x1-1-250x250.jpg 250w, https:\/\/camina-schmid.com\/wp-content\/uploads\/2025\/11\/cs-mitarbeiter-gaskamine-web-1x1-1-768x769.jpg 768w, https:\/\/camina-schmid.com\/wp-content\/uploads\/2025\/11\/cs-mitarbeiter-gaskamine-web-1x1-1-75x75.jpg 75w\" sizes=\"(max-width: 1468px) 100vw, 1468px\"><div class=\"bde-div-637-138 bde-div\">\n  \n  \n\t\n\n\n\n<h3 class=\"bde-heading-637-139 bde-heading\">\nTradition familiale\n<\/h3><div class=\"bde-text-637-140 bde-text\">\nEntreprise familiale et priv\u00e9e, Camina & Schmid investit pour offrir des foyers de haute qualit\u00e9, con\u00e7us avec ma\u00eetrise et pens\u00e9s pour \u00eatre une v\u00e9ritable exp\u00e9rience.\n<\/div>\n<\/div>\n<\/div>\n<\/div><\/div>\n<\/section><div class=\"bde-globalblock-637-155 bde-globalblock\"><div class='breakdance'><section class=\"bde-section-711-100-711-1 bde-section bde-section-711-100\" data-bde-lazy-bg=\"waiting\">\n              \n  \n        \n    \n\t\n\n  <div class=\"section-background-overlay\"><\/div>\n\n\n<div class=\"section-container\"><div class=\"bde-div-711-101-711-1 bde-div bde-div-711-101\">\n  \n  \n\t\n\n\n\n<h1 class=\"bde-heading-711-102-711-1 bde-heading bde-heading-711-102\">\nSimulateur de flammes\n<\/h1><div class=\"bde-div-711-103-711-1 bde-div bde-div-711-103\">\n  \n  \n\t\n\n\n\n<div class=\"bde-text-711-104-711-1 bde-text bde-text-711-104\">\nFaites-en vous-m\u00eame l\u2019exp\u00e9rience.\n<\/div><div class=\"bde-text-711-105-711-1 bde-text bde-text-711-105\">\nAre you ready for some action?\n<\/div><div class=\"bde-button-711-106-711-1 bde-button bde-button-711-106\">\n    \n                        \n                        \n    \n    \n    \n    \n            \n                    \n            \n            \n\n    \n    \n    \n    \n    \n    <a class=\"breakdance-link button-atom button-atom--primary bde-button__button\" href=\"https:\/\/camina-schmid.com\/fr\/simulateur-de-flammes\/\" target=\"_self\" data-type=\"url\"  >\n\n    \n        <span class=\"button-atom__text\">Essayez nos foyers au gaz.<\/span>\n\n        \n        \n                <\/a>\n\n    \n\n\n<\/div>\n<\/div>\n<\/div><\/div>\n<\/section><\/div><\/div><section class=\"bde-section-637-156 bde-section\">\n  \n  \n\t\n\n\n\n<div class=\"section-container\"><h1 class=\"bde-heading-637-157 bde-heading\">\nEn savoir plus\n<\/h1><div class=\"bde-grid-637-158 bde-grid\">\n  \n  \n\t\n\n\n\n<a class=\"bde-container-link-637-159 bde-container-link breakdance-link\" href=\"https:\/\/camina-schmid.com\/fr\/qui-nous-sommes\/\" target=\"_self\" data-type=\"url\" data-bde-lazy-bg=\"waiting\">\n              \n  \n        \n    \n\t\n\n  <div class=\"section-background-overlay\"><\/div>\n\n\n<div class=\"bde-text-637-160 bde-text\">\nQui nous sommes\n<\/div>\n\n<\/a><a class=\"bde-container-link-637-161 bde-container-link breakdance-link\" href=\"https:\/\/camina-schmid.com\/fr\/produits\/\" target=\"_self\" data-type=\"url\" data-bde-lazy-bg=\"waiting\">\n              \n  \n        \n    \n\t\n\n  <div class=\"section-background-overlay\"><\/div>\n\n\n<div class=\"bde-text-637-162 bde-text\">\nNos foyers au gaz\n<\/div>\n\n<\/a>\n<\/div><\/div>\n<\/section><\/div>","protected":false},"excerpt":{"rendered":"<p>Fabriqu\u00e9 en Allemagne Red\u00e9couvrez les foyers au gaz Bissendorf, Basse-Saxe Fabriqu\u00e9 en Allemagne \u2013 con\u00e7u pour vous Concevoir, d\u00e9velopper et produire chez nous, en Allemagne, est une d\u00e9cision m\u00fbrement r\u00e9fl\u00e9chie que nous avons prise il y a plus de vingt ans. Depuis 2001, la fabrication de technologies de combustion selon les plus hauts standards de [&hellip;]<\/p>\n","protected":false},"author":2,"featured_media":0,"parent":0,"menu_order":0,"comment_status":"closed","ping_status":"closed","template":"","meta":{"_acf_changed":false,"_breakdance_hide_in_design_set":false,"_breakdance_tags":"","footnotes":""},"class_list":["post-637","page","type-page","status-publish","hentry"],"acf":[],"_links":{"self":[{"href":"https:\/\/camina-schmid.com\/fr\/wp-json\/wp\/v2\/pages\/637","targetHints":{"allow":["GET"]}}],"collection":[{"href":"https:\/\/camina-schmid.com\/fr\/wp-json\/wp\/v2\/pages"}],"about":[{"href":"https:\/\/camina-schmid.com\/fr\/wp-json\/wp\/v2\/types\/page"}],"author":[{"embeddable":true,"href":"https:\/\/camina-schmid.com\/fr\/wp-json\/wp\/v2\/users\/2"}],"replies":[{"embeddable":true,"href":"https:\/\/camina-schmid.com\/fr\/wp-json\/wp\/v2\/comments?post=637"}],"version-history":[{"count":5,"href":"https:\/\/camina-schmid.com\/fr\/wp-json\/wp\/v2\/pages\/637\/revisions"}],"predecessor-version":[{"id":985,"href":"https:\/\/camina-schmid.com\/fr\/wp-json\/wp\/v2\/pages\/637\/revisions\/985"}],"wp:attachment":[{"href":"https:\/\/camina-schmid.com\/fr\/wp-json\/wp\/v2\/media?parent=637"}],"curies":[{"name":"wp","href":"https:\/\/api.w.org\/{rel}","templated":true}]}}